{"id":16197,"date":"2023-05-24T11:24:29","date_gmt":"2023-05-24T10:24:29","guid":{"rendered":"https:\/\/redcarcleveland.co.uk\/enjoy\/?page_id=16197"},"modified":"2023-05-24T11:24:30","modified_gmt":"2023-05-24T10:24:30","slug":"cafe-at-kirkleatham-museum","status":"publish","type":"page","link":"https:\/\/redcarcleveland.co.uk\/enjoy\/cafe-at-kirkleatham-museum\/","title":{"rendered":"Caf\u00e9 at Kirkleatham Museum"},"content":{"rendered":"\n<h2 class=\"wp-block-heading\">Welcome to Caf\u00e9 at Kirkleatham Museum<\/h2>\n\n\n\n<p>Enjoy a relaxing atmosphere in the Caf\u00e9 at Kirkleatham Museum. <\/p>\n\n\n\n<p>Being part of a small family run business, their goal has always been to provide each customer with a welcoming setting to enjoy a refreshing beverages,\u00a0freshly prepared\u00a0meals and tasty treats, time and time again.\u00a0<\/p>\n\n\n\n<p>The Caf\u00e9 At Kirkleatham Museum offers visitors a relaxing atmosphere to sit down and enjoy what they have to offer from their regular menu items to their weekly specials. They have something for everyone.<\/p>\n\n\n\n<p>For further information and view their menu, visit \u2013\u00a0<a href=\"https:\/\/www.cafekirkleathammuseum.co.uk\/\">Home | Cafe At Kirkleatham Museum<\/a><\/p>\n\n\n\n<p>The Cafe at Kirkleatham Museum<br>Kirkleatham Museum<br>Redcar<br>TS10 5NW<\/p>\n\n\n\n<p>Telephone: 01642 483836<br>Email: <a href=\"mailto:info@imaginativeproductions.co.uk\">info@imaginativeproductions.co.uk<\/a><\/p>\n","protected":false},"excerpt":{"rendered":"<p>Welcome to Caf\u00e9 at Kirkleatham Museum Enjoy a relaxing atmosphere in the Caf\u00e9 at Kirkleatham Museum. Being part of a small family run business, their goal has always been to provide each customer with a welcoming [&hellip;]<\/p>\n","protected":false},"author":5,"featured_media":16201,"parent":0,"menu_order":0,"comment_status":"closed","ping_status":"closed","template":"","meta":{"_coblocks_attr":"","_coblocks_dimensions":"","_coblocks_responsive_height":"","_coblocks_accordion_ie_support":"","footnotes":""},"class_list":["post-16197","page","type-page","status-publish","has-post-thumbnail","hentry"],"yoast_head":"<!-- This site is optimized with the Yoast SEO plugin v27.4 - https:\/\/yoast.com\/product\/yoast-seo-wordpress\/ -->\n<title>Caf\u00e9 at Kirkleatham Museum - Enjoy<\/title>\n<meta name=\"robots\" content=\"index, follow, max-snippet:-1, max-image-preview:large, max-video-preview:-1\" \/>\n<link rel=\"canonical\" href=\"https:\/\/redcarcleveland.co.uk\/enjoy\/cafe-at-kirkleatham-museum\/\" \/>\n<meta property=\"og:locale\" content=\"en_GB\" \/>\n<meta property=\"og:type\" content=\"article\" \/>\n<meta property=\"og:title\" content=\"Caf\u00e9 at Kirkleatham Museum - Enjoy\" \/>\n<meta property=\"og:description\" content=\"Welcome to Caf\u00e9 at Kirkleatham Museum Enjoy a relaxing atmosphere in the Caf\u00e9 at Kirkleatham Museum. Being part of a small family run business, their goal has always been to provide each customer with a welcoming [&hellip;]\" \/>\n<meta property=\"og:url\" content=\"https:\/\/redcarcleveland.co.uk\/enjoy\/cafe-at-kirkleatham-museum\/\" \/>\n<meta property=\"og:site_name\" content=\"Enjoy\" \/>\n<meta property=\"article:modified_time\" content=\"2023-05-24T10:24:30+00:00\" \/>\n<meta property=\"og:image\" content=\"https:\/\/redcarcleveland.co.uk\/enjoy\/wp-content\/uploads\/sites\/2\/2023\/05\/343760486_1302634337358757_6101169867125340842_n.jpg\" \/>\n\t<meta property=\"og:image:width\" content=\"2025\" \/>\n\t<meta property=\"og:image:height\" content=\"1105\" \/>\n\t<meta property=\"og:image:type\" content=\"image\/jpeg\" \/>\n<meta name=\"twitter:card\" content=\"summary_large_image\" \/>\n<meta name=\"twitter:label1\" content=\"Estimated reading time\" \/>\n\t<meta name=\"twitter:data1\" content=\"1 minute\" \/>\n<script type=\"application\/ld+json\" class=\"yoast-schema-graph\">{\"@context\":\"https:\\\/\\\/schema.org\",\"@graph\":[{\"@type\":\"WebPage\",\"@id\":\"https:\\\/\\\/redcarcleveland.co.uk\\\/enjoy\\\/cafe-at-kirkleatham-museum\\\/\",\"url\":\"https:\\\/\\\/redcarcleveland.co.uk\\\/enjoy\\\/cafe-at-kirkleatham-museum\\\/\",\"name\":\"Caf\u00e9 at Kirkleatham Museum - Enjoy\",\"isPartOf\":{\"@id\":\"https:\\\/\\\/redcarcleveland.co.uk\\\/enjoy\\\/#website\"},\"primaryImageOfPage\":{\"@id\":\"https:\\\/\\\/redcarcleveland.co.uk\\\/enjoy\\\/cafe-at-kirkleatham-museum\\\/#primaryimage\"},\"image\":{\"@id\":\"https:\\\/\\\/redcarcleveland.co.uk\\\/enjoy\\\/cafe-at-kirkleatham-museum\\\/#primaryimage\"},\"thumbnailUrl\":\"https:\\\/\\\/redcarcleveland.co.uk\\\/enjoy\\\/wp-content\\\/uploads\\\/sites\\\/2\\\/2023\\\/05\\\/343760486_1302634337358757_6101169867125340842_n.jpg\",\"datePublished\":\"2023-05-24T10:24:29+00:00\",\"dateModified\":\"2023-05-24T10:24:30+00:00\",\"breadcrumb\":{\"@id\":\"https:\\\/\\\/redcarcleveland.co.uk\\\/enjoy\\\/cafe-at-kirkleatham-museum\\\/#breadcrumb\"},\"inLanguage\":\"en-GB\",\"potentialAction\":[{\"@type\":\"ReadAction\",\"target\":[\"https:\\\/\\\/redcarcleveland.co.uk\\\/enjoy\\\/cafe-at-kirkleatham-museum\\\/\"]}]},{\"@type\":\"ImageObject\",\"inLanguage\":\"en-GB\",\"@id\":\"https:\\\/\\\/redcarcleveland.co.uk\\\/enjoy\\\/cafe-at-kirkleatham-museum\\\/#primaryimage\",\"url\":\"https:\\\/\\\/redcarcleveland.co.uk\\\/enjoy\\\/wp-content\\\/uploads\\\/sites\\\/2\\\/2023\\\/05\\\/343760486_1302634337358757_6101169867125340842_n.jpg\",\"contentUrl\":\"https:\\\/\\\/redcarcleveland.co.uk\\\/enjoy\\\/wp-content\\\/uploads\\\/sites\\\/2\\\/2023\\\/05\\\/343760486_1302634337358757_6101169867125340842_n.jpg\",\"width\":2025,\"height\":1105},{\"@type\":\"BreadcrumbList\",\"@id\":\"https:\\\/\\\/redcarcleveland.co.uk\\\/enjoy\\\/cafe-at-kirkleatham-museum\\\/#breadcrumb\",\"itemListElement\":[{\"@type\":\"ListItem\",\"position\":1,\"name\":\"Home\",\"item\":\"https:\\\/\\\/redcarcleveland.co.uk\\\/enjoy\\\/\"},{\"@type\":\"ListItem\",\"position\":2,\"name\":\"Caf\u00e9 at Kirkleatham Museum\"}]},{\"@type\":\"WebSite\",\"@id\":\"https:\\\/\\\/redcarcleveland.co.uk\\\/enjoy\\\/#website\",\"url\":\"https:\\\/\\\/redcarcleveland.co.uk\\\/enjoy\\\/\",\"name\":\"Enjoy\",\"description\":\"\",\"potentialAction\":[{\"@type\":\"SearchAction\",\"target\":{\"@type\":\"EntryPoint\",\"urlTemplate\":\"https:\\\/\\\/redcarcleveland.co.uk\\\/enjoy\\\/?s={search_term_string}\"},\"query-input\":{\"@type\":\"PropertyValueSpecification\",\"valueRequired\":true,\"valueName\":\"search_term_string\"}}],\"inLanguage\":\"en-GB\"}]}<\/script>\n<!-- \/ Yoast SEO plugin. -->","yoast_head_json":{"title":"Caf\u00e9 at Kirkleatham Museum - Enjoy","robots":{"index":"index","follow":"follow","max-snippet":"max-snippet:-1","max-image-preview":"max-image-preview:large","max-video-preview":"max-video-preview:-1"},"canonical":"https:\/\/redcarcleveland.co.uk\/enjoy\/cafe-at-kirkleatham-museum\/","og_locale":"en_GB","og_type":"article","og_title":"Caf\u00e9 at Kirkleatham Museum - Enjoy","og_description":"Welcome to Caf\u00e9 at Kirkleatham Museum Enjoy a relaxing atmosphere in the Caf\u00e9 at Kirkleatham Museum. Being part of a small family run business, their goal has always been to provide each customer with a welcoming [&hellip;]","og_url":"https:\/\/redcarcleveland.co.uk\/enjoy\/cafe-at-kirkleatham-museum\/","og_site_name":"Enjoy","article_modified_time":"2023-05-24T10:24:30+00:00","og_image":[{"width":2025,"height":1105,"url":"https:\/\/redcarcleveland.co.uk\/enjoy\/wp-content\/uploads\/sites\/2\/2023\/05\/343760486_1302634337358757_6101169867125340842_n.jpg","type":"image\/jpeg"}],"twitter_card":"summary_large_image","twitter_misc":{"Estimated reading time":"1 minute"},"schema":{"@context":"https:\/\/schema.org","@graph":[{"@type":"WebPage","@id":"https:\/\/redcarcleveland.co.uk\/enjoy\/cafe-at-kirkleatham-museum\/","url":"https:\/\/redcarcleveland.co.uk\/enjoy\/cafe-at-kirkleatham-museum\/","name":"Caf\u00e9 at Kirkleatham Museum - Enjoy","isPartOf":{"@id":"https:\/\/redcarcleveland.co.uk\/enjoy\/#website"},"primaryImageOfPage":{"@id":"https:\/\/redcarcleveland.co.uk\/enjoy\/cafe-at-kirkleatham-museum\/#primaryimage"},"image":{"@id":"https:\/\/redcarcleveland.co.uk\/enjoy\/cafe-at-kirkleatham-museum\/#primaryimage"},"thumbnailUrl":"https:\/\/redcarcleveland.co.uk\/enjoy\/wp-content\/uploads\/sites\/2\/2023\/05\/343760486_1302634337358757_6101169867125340842_n.jpg","datePublished":"2023-05-24T10:24:29+00:00","dateModified":"2023-05-24T10:24:30+00:00","breadcrumb":{"@id":"https:\/\/redcarcleveland.co.uk\/enjoy\/cafe-at-kirkleatham-museum\/#breadcrumb"},"inLanguage":"en-GB","potentialAction":[{"@type":"ReadAction","target":["https:\/\/redcarcleveland.co.uk\/enjoy\/cafe-at-kirkleatham-museum\/"]}]},{"@type":"ImageObject","inLanguage":"en-GB","@id":"https:\/\/redcarcleveland.co.uk\/enjoy\/cafe-at-kirkleatham-museum\/#primaryimage","url":"https:\/\/redcarcleveland.co.uk\/enjoy\/wp-content\/uploads\/sites\/2\/2023\/05\/343760486_1302634337358757_6101169867125340842_n.jpg","contentUrl":"https:\/\/redcarcleveland.co.uk\/enjoy\/wp-content\/uploads\/sites\/2\/2023\/05\/343760486_1302634337358757_6101169867125340842_n.jpg","width":2025,"height":1105},{"@type":"BreadcrumbList","@id":"https:\/\/redcarcleveland.co.uk\/enjoy\/cafe-at-kirkleatham-museum\/#breadcrumb","itemListElement":[{"@type":"ListItem","position":1,"name":"Home","item":"https:\/\/redcarcleveland.co.uk\/enjoy\/"},{"@type":"ListItem","position":2,"name":"Caf\u00e9 at Kirkleatham Museum"}]},{"@type":"WebSite","@id":"https:\/\/redcarcleveland.co.uk\/enjoy\/#website","url":"https:\/\/redcarcleveland.co.uk\/enjoy\/","name":"Enjoy","description":"","potentialAction":[{"@type":"SearchAction","target":{"@type":"EntryPoint","urlTemplate":"https:\/\/redcarcleveland.co.uk\/enjoy\/?s={search_term_string}"},"query-input":{"@type":"PropertyValueSpecification","valueRequired":true,"valueName":"search_term_string"}}],"inLanguage":"en-GB"}]}},"_links":{"self":[{"href":"https:\/\/redcarcleveland.co.uk\/enjoy\/wp-json\/wp\/v2\/pages\/16197","targetHints":{"allow":["GET"]}}],"collection":[{"href":"https:\/\/redcarcleveland.co.uk\/enjoy\/wp-json\/wp\/v2\/pages"}],"about":[{"href":"https:\/\/redcarcleveland.co.uk\/enjoy\/wp-json\/wp\/v2\/types\/page"}],"author":[{"embeddable":true,"href":"https:\/\/redcarcleveland.co.uk\/enjoy\/wp-json\/wp\/v2\/users\/5"}],"replies":[{"embeddable":true,"href":"https:\/\/redcarcleveland.co.uk\/enjoy\/wp-json\/wp\/v2\/comments?post=16197"}],"version-history":[{"count":2,"href":"https:\/\/redcarcleveland.co.uk\/enjoy\/wp-json\/wp\/v2\/pages\/16197\/revisions"}],"predecessor-version":[{"id":16200,"href":"https:\/\/redcarcleveland.co.uk\/enjoy\/wp-json\/wp\/v2\/pages\/16197\/revisions\/16200"}],"wp:featuredmedia":[{"embeddable":true,"href":"https:\/\/redcarcleveland.co.uk\/enjoy\/wp-json\/wp\/v2\/media\/16201"}],"wp:attachment":[{"href":"https:\/\/redcarcleveland.co.uk\/enjoy\/wp-json\/wp\/v2\/media?parent=16197"}],"curies":[{"name":"wp","href":"https:\/\/api.w.org\/{rel}","templated":true}]}}